{"id":7623,"date":"2019-07-06T11:49:22","date_gmt":"2019-07-06T09:49:22","guid":{"rendered":"https:\/\/latraversiere.fr\/?post_type=product&#038;p=7623"},"modified":"2020-05-03T12:58:42","modified_gmt":"2020-05-03T10:58:42","slug":"artecombo-3","status":"publish","type":"product","link":"https:\/\/latraversiere.fr\/en\/boutique\/cd-dvd\/artecombo-3\/","title":{"rendered":"ARTECOMBO \u00ab 3 \u00bb"},"content":{"rendered":"<p class=\"qtranxs-available-languages-message qtranxs-available-languages-message-en\">Sorry, this entry is only available in <a href=\"https:\/\/latraversiere.fr\/fr\/wp-json\/wp\/v2\/product\/7623\" class=\"qtranxs-available-language-link qtranxs-available-language-link-fr\" title=\"Fran\u00e7ais\">French<\/a>. For the sake of viewer convenience, the content is shown below in the alternative language. You may click the link to switch the active language.<\/p><p><strong>Mayu Sato-Br\u00e9maud, Fl\u00fbte &#8211; Baptiste Gibier, Hautbois &#8211; Romy Bischoff, Clarinette &#8211; Cyril Normand, Cor &#8211; Frank Sibold, Basson<\/strong><br \/>\n\u0152uvres de Mendelssohn, Tcha\u00efkovski, Saint-Sa\u00ebns, Satie, de Falla, Dvo\u0159\u00e1k, Chopin, Bizet, Granados, Debussy, Brahms.<br \/>\n<em>Voir pr\u00e9sentation dans le <a href=\"https:\/\/latraversiere.fr\/boutique\/traversieres-magazine\/traversieres-magazine-n130\/\">Traversi\u00e8res Magazine N\u00b0130<\/a> en page 49<\/em><\/p>","protected":false},"excerpt":{"rendered":"<p class=\"qtranxs-available-languages-message qtranxs-available-languages-message-en\">Sorry, this entry is only available in <a href=\"https:\/\/latraversiere.fr\/fr\/wp-json\/wp\/v2\/product\/7623\" class=\"qtranxs-available-language-link qtranxs-available-language-link-fr\" title=\"Fran\u00e7ais\">French<\/a>. For the sake of viewer convenience, the content is shown below in the alternative language. You may click the link to switch the active language.<\/p>\n<p><strong>Mayu Sato-Br\u00e9maud, Fl\u00fbte &#8211; Baptiste Gibier, Hautbois &#8211; Romy Bischoff, Clarinette &#8211; Cyril Normand, Cor &#8211; Frank Sibold, Basson<\/strong><br \/>\n\u0152uvres de Mendelssohn, Tcha\u00efkovski, Saint-Sa\u00ebns, Satie, de Falla, Dvo\u0159\u00e1k, Chopin, Bizet, Granados, Debussy, Brahms.<br \/>\n<em>Voir pr\u00e9sentation dans le <a href=\"https:\/\/latraversiere.fr\/boutique\/traversieres-magazine\/traversieres-magazine-n130\/\">Traversi\u00e8res Magazine N\u00b0130<\/a> en page 49<\/em><\/p>\n","protected":false},"featured_media":7624,"template":"","meta":[],"yoast_head":"<!-- This site is optimized with the Yoast SEO plugin v17.5 - https:\/\/yoast.com\/wordpress\/plugins\/seo\/ -->\n<title>ARTECOMBO \u00ab 3 \u00bb - LA TRAVERSIERE The french flute association<\/title>\n<meta name=\"robots\" content=\"index, follow, max-snippet:-1, max-image-preview:large, max-video-preview:-1\" \/>\n<link rel=\"canonical\" href=\"https:\/\/latraversiere.fr\/en\/boutique\/cd-dvd\/artecombo-3\/\" \/>\n<meta property=\"og:locale\" content=\"en_US\" \/>\n<meta property=\"og:type\" content=\"article\" \/>\n<meta property=\"og:title\" content=\"ARTECOMBO \u00ab 3 \u00bb - LA TRAVERSIERE The french flute association\" \/>\n<meta property=\"og:description\" content=\"[:fr]Mayu Sato-Br\u00e9maud, Fl\u00fbte - Baptiste Gibier, Hautbois - Romy Bischoff, Clarinette - Cyril Normand, Cor - Frank Sibold, Basson \u0152uvres de Mendelssohn, Tcha\u00efkovski, Saint-Sa\u00ebns, Satie, de Falla, Dvo\u0159\u00e1k, Chopin, Bizet, Granados, Debussy, Brahms. Voir pr\u00e9sentation dans le Traversi\u00e8res Magazine N\u00b0130 en page 49[:]\" \/>\n<meta property=\"og:url\" content=\"https:\/\/latraversiere.fr\/en\/boutique\/cd-dvd\/artecombo-3\/\" \/>\n<meta property=\"og:site_name\" content=\"LA TRAVERSIERE The french flute association\" \/>\n<meta property=\"article:publisher\" content=\"https:\/\/www.facebook.com\/traversieres\/\" \/>\n<meta property=\"article:modified_time\" content=\"2020-05-03T10:58:42+00:00\" \/>\n<meta property=\"og:image\" content=\"https:\/\/latraversiere.fr\/wp-content\/uploads\/2019\/07\/Cover-Artecombo-3.png\" \/>\n\t<meta property=\"og:image:width\" content=\"1024\" \/>\n\t<meta property=\"og:image:height\" content=\"922\" \/>\n<meta name=\"twitter:card\" content=\"summary\" \/>\n<meta name=\"twitter:site\" content=\"@La_Traversiere\" \/>\n<script type=\"application\/ld+json\" class=\"yoast-schema-graph\">{\"@context\":\"https:\/\/schema.org\",\"@graph\":[{\"@type\":\"Organization\",\"@id\":\"https:\/\/latraversiere.fr\/#organization\",\"name\":\"La Traversi\\u00e8re - Association Fran\\u00e7aise de la Fl\\u00fbte\",\"url\":\"https:\/\/latraversiere.fr\/\",\"sameAs\":[\"https:\/\/www.facebook.com\/traversieres\/\",\"https:\/\/www.instagram.com\/la_traversiere\/\",\"https:\/\/www.youtube.com\/channel\/UC46MEQZI2BfRZNFUFqc59Sw\",\"https:\/\/twitter.com\/La_Traversiere\"],\"logo\":{\"@type\":\"ImageObject\",\"@id\":\"https:\/\/latraversiere.fr\/#logo\",\"inLanguage\":\"en-US\",\"url\":\"https:\/\/latraversiere.fr\/wp-content\/uploads\/2018\/01\/LOGO-Traversiere-SITE-1.png\",\"contentUrl\":\"https:\/\/latraversiere.fr\/wp-content\/uploads\/2018\/01\/LOGO-Traversiere-SITE-1.png\",\"width\":539,\"height\":200,\"caption\":\"La Traversi\\u00e8re - Association Fran\\u00e7aise de la Fl\\u00fbte\"},\"image\":{\"@id\":\"https:\/\/latraversiere.fr\/#logo\"}},{\"@type\":\"WebSite\",\"@id\":\"https:\/\/latraversiere.fr\/#website\",\"url\":\"https:\/\/latraversiere.fr\/\",\"name\":\"LA TRAVERSIERE The french flute association\",\"description\":\"\",\"publisher\":{\"@id\":\"https:\/\/latraversiere.fr\/#organization\"},\"potentialAction\":[{\"@type\":\"SearchAction\",\"target\":{\"@type\":\"EntryPoint\",\"urlTemplate\":\"https:\/\/latraversiere.fr\/?s={search_term_string}\"},\"query-input\":\"required name=search_term_string\"}],\"inLanguage\":\"en-US\"},{\"@type\":\"ImageObject\",\"@id\":\"https:\/\/latraversiere.fr\/en\/boutique\/cd-dvd\/artecombo-3\/#primaryimage\",\"inLanguage\":\"en-US\",\"url\":\"https:\/\/latraversiere.fr\/wp-content\/uploads\/2019\/07\/Cover-Artecombo-3.png\",\"contentUrl\":\"https:\/\/latraversiere.fr\/wp-content\/uploads\/2019\/07\/Cover-Artecombo-3.png\",\"width\":1024,\"height\":922,\"caption\":\"Cover - Artecombo 3\"},{\"@type\":\"WebPage\",\"@id\":\"https:\/\/latraversiere.fr\/en\/boutique\/cd-dvd\/artecombo-3\/#webpage\",\"url\":\"https:\/\/latraversiere.fr\/en\/boutique\/cd-dvd\/artecombo-3\/\",\"name\":\"ARTECOMBO \\u00ab 3 \\u00bb - LA TRAVERSIERE The french flute association\",\"isPartOf\":{\"@id\":\"https:\/\/latraversiere.fr\/#website\"},\"primaryImageOfPage\":{\"@id\":\"https:\/\/latraversiere.fr\/en\/boutique\/cd-dvd\/artecombo-3\/#primaryimage\"},\"datePublished\":\"2019-07-06T09:49:22+00:00\",\"dateModified\":\"2020-05-03T10:58:42+00:00\",\"breadcrumb\":{\"@id\":\"https:\/\/latraversiere.fr\/en\/boutique\/cd-dvd\/artecombo-3\/#breadcrumb\"},\"inLanguage\":\"en-US\",\"potentialAction\":[{\"@type\":\"ReadAction\",\"target\":[\"https:\/\/latraversiere.fr\/en\/boutique\/cd-dvd\/artecombo-3\/\"]}]},{\"@type\":\"BreadcrumbList\",\"@id\":\"https:\/\/latraversiere.fr\/en\/boutique\/cd-dvd\/artecombo-3\/#breadcrumb\",\"itemListElement\":[{\"@type\":\"ListItem\",\"position\":1,\"name\":\"Accueil\",\"item\":\"https:\/\/latraversiere.fr\/\"},{\"@type\":\"ListItem\",\"position\":2,\"name\":\"Boutique\",\"item\":\"https:\/\/latraversiere.fr\/en\/boutique\/\"},{\"@type\":\"ListItem\",\"position\":3,\"name\":\"ARTECOMBO \\u00ab 3 \\u00bb\"}]}]}<\/script>\n<!-- \/ Yoast SEO plugin. -->","yoast_head_json":{"title":"ARTECOMBO \u00ab 3 \u00bb - LA TRAVERSIERE The french flute association","robots":{"index":"index","follow":"follow","max-snippet":"max-snippet:-1","max-image-preview":"max-image-preview:large","max-video-preview":"max-video-preview:-1"},"canonical":"https:\/\/latraversiere.fr\/en\/boutique\/cd-dvd\/artecombo-3\/","og_locale":"en_US","og_type":"article","og_title":"ARTECOMBO \u00ab 3 \u00bb - LA TRAVERSIERE The french flute association","og_description":"[:fr]Mayu Sato-Br\u00e9maud, Fl\u00fbte - Baptiste Gibier, Hautbois - Romy Bischoff, Clarinette - Cyril Normand, Cor - Frank Sibold, Basson \u0152uvres de Mendelssohn, Tcha\u00efkovski, Saint-Sa\u00ebns, Satie, de Falla, Dvo\u0159\u00e1k, Chopin, Bizet, Granados, Debussy, Brahms. Voir pr\u00e9sentation dans le Traversi\u00e8res Magazine N\u00b0130 en page 49[:]","og_url":"https:\/\/latraversiere.fr\/en\/boutique\/cd-dvd\/artecombo-3\/","og_site_name":"LA TRAVERSIERE The french flute association","article_publisher":"https:\/\/www.facebook.com\/traversieres\/","article_modified_time":"2020-05-03T10:58:42+00:00","og_image":[{"width":1024,"height":922,"url":"https:\/\/latraversiere.fr\/wp-content\/uploads\/2019\/07\/Cover-Artecombo-3.png","type":"image\/png"}],"twitter_card":"summary","twitter_site":"@La_Traversiere","schema":{"@context":"https:\/\/schema.org","@graph":[{"@type":"Organization","@id":"https:\/\/latraversiere.fr\/#organization","name":"La Traversi\u00e8re - Association Fran\u00e7aise de la Fl\u00fbte","url":"https:\/\/latraversiere.fr\/","sameAs":["https:\/\/www.facebook.com\/traversieres\/","https:\/\/www.instagram.com\/la_traversiere\/","https:\/\/www.youtube.com\/channel\/UC46MEQZI2BfRZNFUFqc59Sw","https:\/\/twitter.com\/La_Traversiere"],"logo":{"@type":"ImageObject","@id":"https:\/\/latraversiere.fr\/#logo","inLanguage":"en-US","url":"https:\/\/latraversiere.fr\/wp-content\/uploads\/2018\/01\/LOGO-Traversiere-SITE-1.png","contentUrl":"https:\/\/latraversiere.fr\/wp-content\/uploads\/2018\/01\/LOGO-Traversiere-SITE-1.png","width":539,"height":200,"caption":"La Traversi\u00e8re - Association Fran\u00e7aise de la Fl\u00fbte"},"image":{"@id":"https:\/\/latraversiere.fr\/#logo"}},{"@type":"WebSite","@id":"https:\/\/latraversiere.fr\/#website","url":"https:\/\/latraversiere.fr\/","name":"LA TRAVERSIERE The french flute association","description":"","publisher":{"@id":"https:\/\/latraversiere.fr\/#organization"},"potentialAction":[{"@type":"SearchAction","target":{"@type":"EntryPoint","urlTemplate":"https:\/\/latraversiere.fr\/?s={search_term_string}"},"query-input":"required name=search_term_string"}],"inLanguage":"en-US"},{"@type":"ImageObject","@id":"https:\/\/latraversiere.fr\/en\/boutique\/cd-dvd\/artecombo-3\/#primaryimage","inLanguage":"en-US","url":"https:\/\/latraversiere.fr\/wp-content\/uploads\/2019\/07\/Cover-Artecombo-3.png","contentUrl":"https:\/\/latraversiere.fr\/wp-content\/uploads\/2019\/07\/Cover-Artecombo-3.png","width":1024,"height":922,"caption":"Cover - Artecombo 3"},{"@type":"WebPage","@id":"https:\/\/latraversiere.fr\/en\/boutique\/cd-dvd\/artecombo-3\/#webpage","url":"https:\/\/latraversiere.fr\/en\/boutique\/cd-dvd\/artecombo-3\/","name":"ARTECOMBO \u00ab 3 \u00bb - LA TRAVERSIERE The french flute association","isPartOf":{"@id":"https:\/\/latraversiere.fr\/#website"},"primaryImageOfPage":{"@id":"https:\/\/latraversiere.fr\/en\/boutique\/cd-dvd\/artecombo-3\/#primaryimage"},"datePublished":"2019-07-06T09:49:22+00:00","dateModified":"2020-05-03T10:58:42+00:00","breadcrumb":{"@id":"https:\/\/latraversiere.fr\/en\/boutique\/cd-dvd\/artecombo-3\/#breadcrumb"},"inLanguage":"en-US","potentialAction":[{"@type":"ReadAction","target":["https:\/\/latraversiere.fr\/en\/boutique\/cd-dvd\/artecombo-3\/"]}]},{"@type":"BreadcrumbList","@id":"https:\/\/latraversiere.fr\/en\/boutique\/cd-dvd\/artecombo-3\/#breadcrumb","itemListElement":[{"@type":"ListItem","position":1,"name":"Accueil","item":"https:\/\/latraversiere.fr\/"},{"@type":"ListItem","position":2,"name":"Boutique","item":"https:\/\/latraversiere.fr\/en\/boutique\/"},{"@type":"ListItem","position":3,"name":"ARTECOMBO \u00ab 3 \u00bb"}]}]}},"_links":{"self":[{"href":"https:\/\/latraversiere.fr\/en\/wp-json\/wp\/v2\/product\/7623"}],"collection":[{"href":"https:\/\/latraversiere.fr\/en\/wp-json\/wp\/v2\/product"}],"about":[{"href":"https:\/\/latraversiere.fr\/en\/wp-json\/wp\/v2\/types\/product"}],"wp:featuredmedia":[{"embeddable":true,"href":"https:\/\/latraversiere.fr\/en\/wp-json\/wp\/v2\/media\/7624"}],"wp:attachment":[{"href":"https:\/\/latraversiere.fr\/en\/wp-json\/wp\/v2\/media?parent=7623"}],"curies":[{"name":"wp","href":"https:\/\/api.w.org\/{rel}","templated":true}]}}