{"id":8273,"date":"2019-11-05T07:22:44","date_gmt":"2019-11-05T06:22:44","guid":{"rendered":"https:\/\/latraversiere.fr\/?post_type=product&#038;p=8273"},"modified":"2020-05-03T12:39:38","modified_gmt":"2020-05-03T10:39:38","slug":"flute-music-from-the-harlequin-years","status":"publish","type":"product","link":"https:\/\/latraversiere.fr\/en\/boutique\/cd-dvd\/flute-music-from-the-harlequin-years\/","title":{"rendered":"Flute Music from the Harlequin Years"},"content":{"rendered":"<p><strong>Thies Roorda fl\u00fbte et piccolo, Alessandro Soccorsi piano<\/strong><br \/>\n<em>NAXOS 8.579045<br \/>\nLivret en anglais<\/em><\/p>\n<p>Pierre de Br\u00e9ville (1861-1949) : Une fl\u00fbte dans les vergers (1920)<br \/>\nPaul Dukas (1865-1935) : La plainte, au loin, du faune&#8230; Tombeau de Claude Debussy (1920) arrangement pour fl\u00fbte et piano de Gustave Samazeuil<br \/>\nAlbert Roussel (1869-1937) : Andante et Scherzo Op 51 (1934)<br \/>\nJacques Ibert : Jeux (1923)<br \/>\nArthur Honegger (1892-1955) : Danse de la Ch\u00e8vre H .39 (1921)<br \/>\nVocalise &#8211; \u00c9tude H.70 arrangement R. de Reede pour fl\u00fbte et piano<br \/>\nDarius Milhaud (1892-1974) : Sonatine Op 76 (1922)<br \/>\nGeorge Auric (1899-1983) : Aria<br \/>\nFrancis Poulenc (1899-1983) : Villanelle FP 74 pour piccolo et piano (1934)<br \/>\nAlexandre Tansman (1897-1986) Sonatine (1925)<br \/>\nTibor Harsanyi (1898-1954) : 3 Pi\u00e8ces pour fl\u00fbte et piano (1924)<br \/>\nGeaoges Antheil : Sonate pour fl\u00fbte et piano (1951)<\/p>\n<p><i><a href=\"https:\/\/latraversiere.fr\/boutique\/traversieres-magazine\/traversieres-magazine-n131\/\"><i class=\"fa fa-chevron-right\"><\/i> Lire notre critique dans Traversi\u00e8res Magazine N\u00b0131<\/a><\/i><\/p>\n","protected":false},"excerpt":{"rendered":"<p><strong>Thies Roorda fl\u00fbte et piccolo, Alessandro Soccorsi piano<\/strong><br \/>\n<em>NAXOS 8.579045<br \/>\nLivret en anglais<\/em><\/p>\n<p>Pierre de Br\u00e9ville (1861-1949) : Une fl\u00fbte dans les vergers (1920)<br \/>\nPaul Dukas (1865-1935) : La plainte, au loin, du faune&#8230; Tombeau de Claude Debussy (1920) arrangement pour fl\u00fbte et piano de Gustave Samazeuil<br \/>\nAlbert Roussel (1869-1937) : Andante et Scherzo Op 51 (1934)<br \/>\nJacques Ibert : Jeux (1923)<br \/>\nArthur Honegger (1892-1955) : Danse de la Ch\u00e8vre H .39 (1921)<br \/>\nVocalise &#8211; \u00c9tude H.70 arrangement R. de Reede pour fl\u00fbte et piano<br \/>\nDarius Milhaud (1892-1974) : Sonatine Op 76 (1922)<br \/>\nGeorge Auric (1899-1983) : Aria<br \/>\nFrancis Poulenc (1899-1983) : Villanelle FP 74 pour piccolo et piano (1934)<br \/>\nAlexandre Tansman (1897-1986) Sonatine (1925)<br \/>\nTibor Harsanyi (1898-1954) : 3 Pi\u00e8ces pour fl\u00fbte et piano (1924)<br \/>\nGeaoges Antheil : Sonate pour fl\u00fbte et piano (1951)<\/p>\n<p><i><a href=\"https:\/\/latraversiere.fr\/boutique\/traversieres-magazine\/traversieres-magazine-n131\/\"><i class=\"fa fa-chevron-right\"><\/i> Lire notre critique dans Traversi\u00e8res Magazine N\u00b0131<\/a><\/i><\/p>\n","protected":false},"featured_media":8274,"template":"","meta":[],"yoast_head":"<!-- This site is optimized with the Yoast SEO plugin v17.5 - https:\/\/yoast.com\/wordpress\/plugins\/seo\/ -->\n<title>Flute Music from the Harlequin Years - LA TRAVERSIERE The french flute association<\/title>\n<meta name=\"robots\" content=\"index, follow, max-snippet:-1, max-image-preview:large, max-video-preview:-1\" \/>\n<link rel=\"canonical\" href=\"https:\/\/latraversiere.fr\/boutique\/cd-dvd\/flute-music-from-the-harlequin-years\/\" \/>\n<meta property=\"og:locale\" content=\"en_US\" \/>\n<meta property=\"og:type\" content=\"article\" \/>\n<meta property=\"og:title\" content=\"Flute Music from the Harlequin Years - LA TRAVERSIERE The french flute association\" \/>\n<meta property=\"og:description\" content=\"Thies Roorda fl\u00fbte et piccolo, Alessandro Soccorsi piano NAXOS 8.579045  Livret en anglais  Pierre de Br\u00e9ville (1861-1949) : Une fl\u00fbte dans les vergers (1920)  Paul Dukas (1865-1935) : La plainte, au loin, du faune... Tombeau de Claude Debussy (1920) arrangement pour fl\u00fbte et piano de Gustave Samazeuil  Albert Roussel (1869-1937) : Andante et Scherzo Op 51 (1934)  Jacques Ibert : Jeux (1923)  Arthur Honegger (1892-1955) : Danse de la Ch\u00e8vre H .39 (1921)  Vocalise - \u00c9tude H.70 arrangement R. de Reede pour fl\u00fbte et piano  Darius Milhaud (1892-1974) : Sonatine Op 76 (1922)  George Auric (1899-1983) : Aria  Francis Poulenc (1899-1983) : Villanelle FP 74 pour piccolo et piano (1934)  Alexandre Tansman (1897-1986) Sonatine (1925)  Tibor Harsanyi (1898-1954) : 3 Pi\u00e8ces pour fl\u00fbte et piano (1924)  Geaoges Antheil : Sonate pour fl\u00fbte et piano (1951)   Lire notre critique dans Traversi\u00e8res Magazine N\u00b0131\" \/>\n<meta property=\"og:url\" content=\"https:\/\/latraversiere.fr\/boutique\/cd-dvd\/flute-music-from-the-harlequin-years\/\" \/>\n<meta property=\"og:site_name\" content=\"LA TRAVERSIERE The french flute association\" \/>\n<meta property=\"article:publisher\" content=\"https:\/\/www.facebook.com\/traversieres\/\" \/>\n<meta property=\"article:modified_time\" content=\"2020-05-03T10:39:38+00:00\" \/>\n<meta property=\"og:image\" content=\"https:\/\/latraversiere.fr\/wp-content\/uploads\/2019\/11\/flute-music-from-harlequin-years.jpg\" \/>\n\t<meta property=\"og:image:width\" content=\"600\" \/>\n\t<meta property=\"og:image:height\" content=\"600\" \/>\n<meta name=\"twitter:card\" content=\"summary\" \/>\n<meta name=\"twitter:site\" content=\"@La_Traversiere\" \/>\n<meta name=\"twitter:label1\" content=\"Est. reading time\" \/>\n\t<meta name=\"twitter:data1\" content=\"1 minute\" \/>\n<script type=\"application\/ld+json\" class=\"yoast-schema-graph\">{\"@context\":\"https:\/\/schema.org\",\"@graph\":[{\"@type\":\"Organization\",\"@id\":\"https:\/\/latraversiere.fr\/#organization\",\"name\":\"La Traversi\\u00e8re - Association Fran\\u00e7aise de la Fl\\u00fbte\",\"url\":\"https:\/\/latraversiere.fr\/\",\"sameAs\":[\"https:\/\/www.facebook.com\/traversieres\/\",\"https:\/\/www.instagram.com\/la_traversiere\/\",\"https:\/\/www.youtube.com\/channel\/UC46MEQZI2BfRZNFUFqc59Sw\",\"https:\/\/twitter.com\/La_Traversiere\"],\"logo\":{\"@type\":\"ImageObject\",\"@id\":\"https:\/\/latraversiere.fr\/#logo\",\"inLanguage\":\"en-US\",\"url\":\"https:\/\/latraversiere.fr\/wp-content\/uploads\/2018\/01\/LOGO-Traversiere-SITE-1.png\",\"contentUrl\":\"https:\/\/latraversiere.fr\/wp-content\/uploads\/2018\/01\/LOGO-Traversiere-SITE-1.png\",\"width\":539,\"height\":200,\"caption\":\"La Traversi\\u00e8re - Association Fran\\u00e7aise de la Fl\\u00fbte\"},\"image\":{\"@id\":\"https:\/\/latraversiere.fr\/#logo\"}},{\"@type\":\"WebSite\",\"@id\":\"https:\/\/latraversiere.fr\/#website\",\"url\":\"https:\/\/latraversiere.fr\/\",\"name\":\"LA TRAVERSIERE The french flute association\",\"description\":\"\",\"publisher\":{\"@id\":\"https:\/\/latraversiere.fr\/#organization\"},\"potentialAction\":[{\"@type\":\"SearchAction\",\"target\":{\"@type\":\"EntryPoint\",\"urlTemplate\":\"https:\/\/latraversiere.fr\/?s={search_term_string}\"},\"query-input\":\"required name=search_term_string\"}],\"inLanguage\":\"en-US\"},{\"@type\":\"ImageObject\",\"@id\":\"https:\/\/latraversiere.fr\/boutique\/cd-dvd\/flute-music-from-the-harlequin-years\/#primaryimage\",\"inLanguage\":\"en-US\",\"url\":\"https:\/\/latraversiere.fr\/wp-content\/uploads\/2019\/11\/flute-music-from-harlequin-years.jpg\",\"contentUrl\":\"https:\/\/latraversiere.fr\/wp-content\/uploads\/2019\/11\/flute-music-from-harlequin-years.jpg\",\"width\":600,\"height\":600,\"caption\":\"CD - flute music from harlequin years\"},{\"@type\":\"WebPage\",\"@id\":\"https:\/\/latraversiere.fr\/boutique\/cd-dvd\/flute-music-from-the-harlequin-years\/#webpage\",\"url\":\"https:\/\/latraversiere.fr\/boutique\/cd-dvd\/flute-music-from-the-harlequin-years\/\",\"name\":\"Flute Music from the Harlequin Years - LA TRAVERSIERE The french flute association\",\"isPartOf\":{\"@id\":\"https:\/\/latraversiere.fr\/#website\"},\"primaryImageOfPage\":{\"@id\":\"https:\/\/latraversiere.fr\/boutique\/cd-dvd\/flute-music-from-the-harlequin-years\/#primaryimage\"},\"datePublished\":\"2019-11-05T06:22:44+00:00\",\"dateModified\":\"2020-05-03T10:39:38+00:00\",\"breadcrumb\":{\"@id\":\"https:\/\/latraversiere.fr\/boutique\/cd-dvd\/flute-music-from-the-harlequin-years\/#breadcrumb\"},\"inLanguage\":\"en-US\",\"potentialAction\":[{\"@type\":\"ReadAction\",\"target\":[\"https:\/\/latraversiere.fr\/boutique\/cd-dvd\/flute-music-from-the-harlequin-years\/\"]}]},{\"@type\":\"BreadcrumbList\",\"@id\":\"https:\/\/latraversiere.fr\/boutique\/cd-dvd\/flute-music-from-the-harlequin-years\/#breadcrumb\",\"itemListElement\":[{\"@type\":\"ListItem\",\"position\":1,\"name\":\"Accueil\",\"item\":\"https:\/\/latraversiere.fr\/\"},{\"@type\":\"ListItem\",\"position\":2,\"name\":\"Boutique\",\"item\":\"https:\/\/latraversiere.fr\/en\/boutique\/\"},{\"@type\":\"ListItem\",\"position\":3,\"name\":\"Flute Music from the Harlequin Years\"}]}]}<\/script>\n<!-- \/ Yoast SEO plugin. -->","yoast_head_json":{"title":"Flute Music from the Harlequin Years - LA TRAVERSIERE The french flute association","robots":{"index":"index","follow":"follow","max-snippet":"max-snippet:-1","max-image-preview":"max-image-preview:large","max-video-preview":"max-video-preview:-1"},"canonical":"https:\/\/latraversiere.fr\/boutique\/cd-dvd\/flute-music-from-the-harlequin-years\/","og_locale":"en_US","og_type":"article","og_title":"Flute Music from the Harlequin Years - LA TRAVERSIERE The french flute association","og_description":"Thies Roorda fl\u00fbte et piccolo, Alessandro Soccorsi piano NAXOS 8.579045  Livret en anglais  Pierre de Br\u00e9ville (1861-1949) : Une fl\u00fbte dans les vergers (1920)  Paul Dukas (1865-1935) : La plainte, au loin, du faune... Tombeau de Claude Debussy (1920) arrangement pour fl\u00fbte et piano de Gustave Samazeuil  Albert Roussel (1869-1937) : Andante et Scherzo Op 51 (1934)  Jacques Ibert : Jeux (1923)  Arthur Honegger (1892-1955) : Danse de la Ch\u00e8vre H .39 (1921)  Vocalise - \u00c9tude H.70 arrangement R. de Reede pour fl\u00fbte et piano  Darius Milhaud (1892-1974) : Sonatine Op 76 (1922)  George Auric (1899-1983) : Aria  Francis Poulenc (1899-1983) : Villanelle FP 74 pour piccolo et piano (1934)  Alexandre Tansman (1897-1986) Sonatine (1925)  Tibor Harsanyi (1898-1954) : 3 Pi\u00e8ces pour fl\u00fbte et piano (1924)  Geaoges Antheil : Sonate pour fl\u00fbte et piano (1951)   Lire notre critique dans Traversi\u00e8res Magazine N\u00b0131","og_url":"https:\/\/latraversiere.fr\/boutique\/cd-dvd\/flute-music-from-the-harlequin-years\/","og_site_name":"LA TRAVERSIERE The french flute association","article_publisher":"https:\/\/www.facebook.com\/traversieres\/","article_modified_time":"2020-05-03T10:39:38+00:00","og_image":[{"width":600,"height":600,"url":"https:\/\/latraversiere.fr\/wp-content\/uploads\/2019\/11\/flute-music-from-harlequin-years.jpg","type":"image\/jpeg"}],"twitter_card":"summary","twitter_site":"@La_Traversiere","twitter_misc":{"Est. reading time":"1 minute"},"schema":{"@context":"https:\/\/schema.org","@graph":[{"@type":"Organization","@id":"https:\/\/latraversiere.fr\/#organization","name":"La Traversi\u00e8re - Association Fran\u00e7aise de la Fl\u00fbte","url":"https:\/\/latraversiere.fr\/","sameAs":["https:\/\/www.facebook.com\/traversieres\/","https:\/\/www.instagram.com\/la_traversiere\/","https:\/\/www.youtube.com\/channel\/UC46MEQZI2BfRZNFUFqc59Sw","https:\/\/twitter.com\/La_Traversiere"],"logo":{"@type":"ImageObject","@id":"https:\/\/latraversiere.fr\/#logo","inLanguage":"en-US","url":"https:\/\/latraversiere.fr\/wp-content\/uploads\/2018\/01\/LOGO-Traversiere-SITE-1.png","contentUrl":"https:\/\/latraversiere.fr\/wp-content\/uploads\/2018\/01\/LOGO-Traversiere-SITE-1.png","width":539,"height":200,"caption":"La Traversi\u00e8re - Association Fran\u00e7aise de la Fl\u00fbte"},"image":{"@id":"https:\/\/latraversiere.fr\/#logo"}},{"@type":"WebSite","@id":"https:\/\/latraversiere.fr\/#website","url":"https:\/\/latraversiere.fr\/","name":"LA TRAVERSIERE The french flute association","description":"","publisher":{"@id":"https:\/\/latraversiere.fr\/#organization"},"potentialAction":[{"@type":"SearchAction","target":{"@type":"EntryPoint","urlTemplate":"https:\/\/latraversiere.fr\/?s={search_term_string}"},"query-input":"required name=search_term_string"}],"inLanguage":"en-US"},{"@type":"ImageObject","@id":"https:\/\/latraversiere.fr\/boutique\/cd-dvd\/flute-music-from-the-harlequin-years\/#primaryimage","inLanguage":"en-US","url":"https:\/\/latraversiere.fr\/wp-content\/uploads\/2019\/11\/flute-music-from-harlequin-years.jpg","contentUrl":"https:\/\/latraversiere.fr\/wp-content\/uploads\/2019\/11\/flute-music-from-harlequin-years.jpg","width":600,"height":600,"caption":"CD - flute music from harlequin years"},{"@type":"WebPage","@id":"https:\/\/latraversiere.fr\/boutique\/cd-dvd\/flute-music-from-the-harlequin-years\/#webpage","url":"https:\/\/latraversiere.fr\/boutique\/cd-dvd\/flute-music-from-the-harlequin-years\/","name":"Flute Music from the Harlequin Years - LA TRAVERSIERE The french flute association","isPartOf":{"@id":"https:\/\/latraversiere.fr\/#website"},"primaryImageOfPage":{"@id":"https:\/\/latraversiere.fr\/boutique\/cd-dvd\/flute-music-from-the-harlequin-years\/#primaryimage"},"datePublished":"2019-11-05T06:22:44+00:00","dateModified":"2020-05-03T10:39:38+00:00","breadcrumb":{"@id":"https:\/\/latraversiere.fr\/boutique\/cd-dvd\/flute-music-from-the-harlequin-years\/#breadcrumb"},"inLanguage":"en-US","potentialAction":[{"@type":"ReadAction","target":["https:\/\/latraversiere.fr\/boutique\/cd-dvd\/flute-music-from-the-harlequin-years\/"]}]},{"@type":"BreadcrumbList","@id":"https:\/\/latraversiere.fr\/boutique\/cd-dvd\/flute-music-from-the-harlequin-years\/#breadcrumb","itemListElement":[{"@type":"ListItem","position":1,"name":"Accueil","item":"https:\/\/latraversiere.fr\/"},{"@type":"ListItem","position":2,"name":"Boutique","item":"https:\/\/latraversiere.fr\/en\/boutique\/"},{"@type":"ListItem","position":3,"name":"Flute Music from the Harlequin Years"}]}]}},"_links":{"self":[{"href":"https:\/\/latraversiere.fr\/en\/wp-json\/wp\/v2\/product\/8273"}],"collection":[{"href":"https:\/\/latraversiere.fr\/en\/wp-json\/wp\/v2\/product"}],"about":[{"href":"https:\/\/latraversiere.fr\/en\/wp-json\/wp\/v2\/types\/product"}],"wp:featuredmedia":[{"embeddable":true,"href":"https:\/\/latraversiere.fr\/en\/wp-json\/wp\/v2\/media\/8274"}],"wp:attachment":[{"href":"https:\/\/latraversiere.fr\/en\/wp-json\/wp\/v2\/media?parent=8273"}],"curies":[{"name":"wp","href":"https:\/\/api.w.org\/{rel}","templated":true}]}}