{"id":9901,"date":"2020-05-10T14:50:34","date_gmt":"2020-05-10T12:50:34","guid":{"rendered":"https:\/\/latraversiere.fr\/?post_type=product&#038;p=9901"},"modified":"2020-12-21T12:54:07","modified_gmt":"2020-12-21T11:54:07","slug":"traversieres-magazine-n133","status":"publish","type":"product","link":"https:\/\/latraversiere.fr\/en\/boutique\/traversieres-magazine\/traversieres-magazine-n133\/","title":{"rendered":"Traversi\u00e8res Magazine N\u00b0133"},"content":{"rendered":"<p>DOSSIER &#8211; Nicolas Bacri, compositeur au-del\u00e0 du temps<br \/>\nPORTRAIT &#8211; Toon Fret, la fl\u00fbte aux mille couleurs<br \/>\nP\u00c9DAGOGIE &#8211; Jouer accompagn\u00e9 virtuellement, S\u00e9lection de pi\u00e8ces pour fl\u00fbte traversi\u00e8re avec CD<br \/>\nEN PRATIQUE &#8211; Jouer accompagn\u00e9 virtuellement &#8211; Comparatif<br \/>\n\u00c9V\u00c9NEMENTS &#8211; Quand musique et p\u00e2tisserie font bon m\u00e9nage&#8230;, Bilan d\u2019activit\u00e9s de La Traversi\u00e8re pour l\u2019ann\u00e9e 2019, Les Concerts de Pan d\u2019Alexis Kossenko, Outlaws, un disque hommage \u00e0 Hubert Laws par Ludivine Issambourg Conte Musical \u00ab Siyotanka, la baton qui chante \u00bb<br \/>\nPARTITION &#8211; Deux airs d\u2019op\u00e9ra de Donizettiet Weber arrang\u00e9s pour deux fl\u00fbtes par Franck Masquelier<\/p>\n","protected":false},"excerpt":{"rendered":"<p>DOSSIER &#8211; Nicolas Bacri, compositeur au-del\u00e0 du temps<br \/>\nPORTRAIT &#8211; Toon Fret, la fl\u00fbte aux mille couleurs<br \/>\nP\u00c9DAGOGIE &#8211; Jouer accompagn\u00e9 virtuellement, S\u00e9lection de pi\u00e8ces pour fl\u00fbte traversi\u00e8re avec CD<br \/>\nEN PRATIQUE &#8211; Jouer accompagn\u00e9 virtuellement &#8211; Comparatif<br \/>\n\u00c9V\u00c9NEMENTS &#8211; Quand musique et p\u00e2tisserie font bon m\u00e9nage&#8230;, Bilan d\u2019activit\u00e9s de La Traversi\u00e8re pour l\u2019ann\u00e9e 2019, Les Concerts de Pan d\u2019Alexis Kossenko, Outlaws, un disque hommage \u00e0 Hubert Laws par Ludivine Issambourg Conte Musical \u00ab Siyotanka, la baton qui chante \u00bb<br \/>\nPARTITION &#8211; Deux airs d\u2019op\u00e9ra de Donizettiet Weber arrang\u00e9s pour deux fl\u00fbtes par Franck Masquelier<\/p>\n","protected":false},"featured_media":9902,"template":"","meta":[],"yoast_head":"<!-- This site is optimized with the Yoast SEO plugin v17.5 - https:\/\/yoast.com\/wordpress\/plugins\/seo\/ -->\n<title>Traversi\u00e8res Magazine N\u00b0133 - LA TRAVERSIERE The french flute association<\/title>\n<meta name=\"robots\" content=\"index, follow, max-snippet:-1, max-image-preview:large, max-video-preview:-1\" \/>\n<link rel=\"canonical\" href=\"https:\/\/latraversiere.fr\/boutique\/traversieres-magazine\/traversieres-magazine-n133\/\" \/>\n<meta property=\"og:locale\" content=\"en_US\" \/>\n<meta property=\"og:type\" content=\"article\" \/>\n<meta property=\"og:title\" content=\"Traversi\u00e8res Magazine N\u00b0133 - LA TRAVERSIERE The french flute association\" \/>\n<meta property=\"og:description\" content=\"DOSSIER - Nicolas Bacri, compositeur au-del\u00e0 du temps PORTRAIT - Toon Fret, la fl\u00fbte aux mille couleurs P\u00c9DAGOGIE - Jouer accompagn\u00e9 virtuellement, S\u00e9lection de pi\u00e8ces pour fl\u00fbte traversi\u00e8re avec CD EN PRATIQUE - Jouer accompagn\u00e9 virtuellement - Comparatif \u00c9V\u00c9NEMENTS - Quand musique et p\u00e2tisserie font bon m\u00e9nage..., Bilan d\u2019activit\u00e9s de La Traversi\u00e8re pour l\u2019ann\u00e9e 2019, Les Concerts de Pan d\u2019Alexis Kossenko, Outlaws, un disque hommage \u00e0 Hubert Laws par Ludivine Issambourg Conte Musical \u00ab Siyotanka, la baton qui chante \u00bb PARTITION - Deux airs d\u2019op\u00e9ra de Donizettiet Weber arrang\u00e9s pour deux fl\u00fbtes par Franck Masquelier\" \/>\n<meta property=\"og:url\" content=\"https:\/\/latraversiere.fr\/boutique\/traversieres-magazine\/traversieres-magazine-n133\/\" \/>\n<meta property=\"og:site_name\" content=\"LA TRAVERSIERE The french flute association\" \/>\n<meta property=\"article:publisher\" content=\"https:\/\/www.facebook.com\/traversieres\/\" \/>\n<meta property=\"article:modified_time\" content=\"2020-12-21T11:54:07+00:00\" \/>\n<meta property=\"og:image\" content=\"https:\/\/latraversiere.fr\/wp-content\/uploads\/2020\/05\/2020-TM133-cover.jpg\" \/>\n\t<meta property=\"og:image:width\" content=\"595\" \/>\n\t<meta property=\"og:image:height\" content=\"841\" \/>\n<meta name=\"twitter:card\" content=\"summary\" \/>\n<meta name=\"twitter:image\" content=\"https:\/\/latraversiere.fr\/wp-content\/uploads\/2020\/05\/2020-TM133-cover.jpg\" \/>\n<meta name=\"twitter:site\" content=\"@La_Traversiere\" \/>\n<meta name=\"twitter:label1\" content=\"Est. reading time\" \/>\n\t<meta name=\"twitter:data1\" content=\"1 minute\" \/>\n<script type=\"application\/ld+json\" class=\"yoast-schema-graph\">{\"@context\":\"https:\/\/schema.org\",\"@graph\":[{\"@type\":\"Organization\",\"@id\":\"https:\/\/latraversiere.fr\/#organization\",\"name\":\"La Traversi\\u00e8re - Association Fran\\u00e7aise de la Fl\\u00fbte\",\"url\":\"https:\/\/latraversiere.fr\/\",\"sameAs\":[\"https:\/\/www.facebook.com\/traversieres\/\",\"https:\/\/www.instagram.com\/la_traversiere\/\",\"https:\/\/www.youtube.com\/channel\/UC46MEQZI2BfRZNFUFqc59Sw\",\"https:\/\/twitter.com\/La_Traversiere\"],\"logo\":{\"@type\":\"ImageObject\",\"@id\":\"https:\/\/latraversiere.fr\/#logo\",\"inLanguage\":\"en-US\",\"url\":\"https:\/\/latraversiere.fr\/wp-content\/uploads\/2018\/01\/LOGO-Traversiere-SITE-1.png\",\"contentUrl\":\"https:\/\/latraversiere.fr\/wp-content\/uploads\/2018\/01\/LOGO-Traversiere-SITE-1.png\",\"width\":539,\"height\":200,\"caption\":\"La Traversi\\u00e8re - Association Fran\\u00e7aise de la Fl\\u00fbte\"},\"image\":{\"@id\":\"https:\/\/latraversiere.fr\/#logo\"}},{\"@type\":\"WebSite\",\"@id\":\"https:\/\/latraversiere.fr\/#website\",\"url\":\"https:\/\/latraversiere.fr\/\",\"name\":\"LA TRAVERSIERE The french flute association\",\"description\":\"\",\"publisher\":{\"@id\":\"https:\/\/latraversiere.fr\/#organization\"},\"potentialAction\":[{\"@type\":\"SearchAction\",\"target\":{\"@type\":\"EntryPoint\",\"urlTemplate\":\"https:\/\/latraversiere.fr\/?s={search_term_string}\"},\"query-input\":\"required name=search_term_string\"}],\"inLanguage\":\"en-US\"},{\"@type\":\"ImageObject\",\"@id\":\"https:\/\/latraversiere.fr\/boutique\/traversieres-magazine\/traversieres-magazine-n133\/#primaryimage\",\"inLanguage\":\"en-US\",\"url\":\"https:\/\/latraversiere.fr\/wp-content\/uploads\/2020\/05\/2020-TM133-cover.jpg\",\"contentUrl\":\"https:\/\/latraversiere.fr\/wp-content\/uploads\/2020\/05\/2020-TM133-cover.jpg\",\"width\":595,\"height\":841,\"caption\":\"Traversi\\u00e8res Magazine N\\u00b0133\"},{\"@type\":\"WebPage\",\"@id\":\"https:\/\/latraversiere.fr\/boutique\/traversieres-magazine\/traversieres-magazine-n133\/#webpage\",\"url\":\"https:\/\/latraversiere.fr\/boutique\/traversieres-magazine\/traversieres-magazine-n133\/\",\"name\":\"Traversi\\u00e8res Magazine N\\u00b0133 - LA TRAVERSIERE The french flute association\",\"isPartOf\":{\"@id\":\"https:\/\/latraversiere.fr\/#website\"},\"primaryImageOfPage\":{\"@id\":\"https:\/\/latraversiere.fr\/boutique\/traversieres-magazine\/traversieres-magazine-n133\/#primaryimage\"},\"datePublished\":\"2020-05-10T12:50:34+00:00\",\"dateModified\":\"2020-12-21T11:54:07+00:00\",\"breadcrumb\":{\"@id\":\"https:\/\/latraversiere.fr\/boutique\/traversieres-magazine\/traversieres-magazine-n133\/#breadcrumb\"},\"inLanguage\":\"en-US\",\"potentialAction\":[{\"@type\":\"ReadAction\",\"target\":[\"https:\/\/latraversiere.fr\/boutique\/traversieres-magazine\/traversieres-magazine-n133\/\"]}]},{\"@type\":\"BreadcrumbList\",\"@id\":\"https:\/\/latraversiere.fr\/boutique\/traversieres-magazine\/traversieres-magazine-n133\/#breadcrumb\",\"itemListElement\":[{\"@type\":\"ListItem\",\"position\":1,\"name\":\"Accueil\",\"item\":\"https:\/\/latraversiere.fr\/\"},{\"@type\":\"ListItem\",\"position\":2,\"name\":\"Boutique\",\"item\":\"https:\/\/latraversiere.fr\/en\/boutique\/\"},{\"@type\":\"ListItem\",\"position\":3,\"name\":\"Traversi\\u00e8res Magazine N\\u00b0133\"}]}]}<\/script>\n<!-- \/ Yoast SEO plugin. -->","yoast_head_json":{"title":"Traversi\u00e8res Magazine N\u00b0133 - LA TRAVERSIERE The french flute association","robots":{"index":"index","follow":"follow","max-snippet":"max-snippet:-1","max-image-preview":"max-image-preview:large","max-video-preview":"max-video-preview:-1"},"canonical":"https:\/\/latraversiere.fr\/boutique\/traversieres-magazine\/traversieres-magazine-n133\/","og_locale":"en_US","og_type":"article","og_title":"Traversi\u00e8res Magazine N\u00b0133 - LA TRAVERSIERE The french flute association","og_description":"DOSSIER - Nicolas Bacri, compositeur au-del\u00e0 du temps PORTRAIT - Toon Fret, la fl\u00fbte aux mille couleurs P\u00c9DAGOGIE - Jouer accompagn\u00e9 virtuellement, S\u00e9lection de pi\u00e8ces pour fl\u00fbte traversi\u00e8re avec CD EN PRATIQUE - Jouer accompagn\u00e9 virtuellement - Comparatif \u00c9V\u00c9NEMENTS - Quand musique et p\u00e2tisserie font bon m\u00e9nage..., Bilan d\u2019activit\u00e9s de La Traversi\u00e8re pour l\u2019ann\u00e9e 2019, Les Concerts de Pan d\u2019Alexis Kossenko, Outlaws, un disque hommage \u00e0 Hubert Laws par Ludivine Issambourg Conte Musical \u00ab Siyotanka, la baton qui chante \u00bb PARTITION - Deux airs d\u2019op\u00e9ra de Donizettiet Weber arrang\u00e9s pour deux fl\u00fbtes par Franck Masquelier","og_url":"https:\/\/latraversiere.fr\/boutique\/traversieres-magazine\/traversieres-magazine-n133\/","og_site_name":"LA TRAVERSIERE The french flute association","article_publisher":"https:\/\/www.facebook.com\/traversieres\/","article_modified_time":"2020-12-21T11:54:07+00:00","og_image":[{"width":595,"height":841,"url":"https:\/\/latraversiere.fr\/wp-content\/uploads\/2020\/05\/2020-TM133-cover.jpg","type":"image\/jpeg"}],"twitter_card":"summary","twitter_image":"https:\/\/latraversiere.fr\/wp-content\/uploads\/2020\/05\/2020-TM133-cover.jpg","twitter_site":"@La_Traversiere","twitter_misc":{"Est. reading time":"1 minute"},"schema":{"@context":"https:\/\/schema.org","@graph":[{"@type":"Organization","@id":"https:\/\/latraversiere.fr\/#organization","name":"La Traversi\u00e8re - Association Fran\u00e7aise de la Fl\u00fbte","url":"https:\/\/latraversiere.fr\/","sameAs":["https:\/\/www.facebook.com\/traversieres\/","https:\/\/www.instagram.com\/la_traversiere\/","https:\/\/www.youtube.com\/channel\/UC46MEQZI2BfRZNFUFqc59Sw","https:\/\/twitter.com\/La_Traversiere"],"logo":{"@type":"ImageObject","@id":"https:\/\/latraversiere.fr\/#logo","inLanguage":"en-US","url":"https:\/\/latraversiere.fr\/wp-content\/uploads\/2018\/01\/LOGO-Traversiere-SITE-1.png","contentUrl":"https:\/\/latraversiere.fr\/wp-content\/uploads\/2018\/01\/LOGO-Traversiere-SITE-1.png","width":539,"height":200,"caption":"La Traversi\u00e8re - Association Fran\u00e7aise de la Fl\u00fbte"},"image":{"@id":"https:\/\/latraversiere.fr\/#logo"}},{"@type":"WebSite","@id":"https:\/\/latraversiere.fr\/#website","url":"https:\/\/latraversiere.fr\/","name":"LA TRAVERSIERE The french flute association","description":"","publisher":{"@id":"https:\/\/latraversiere.fr\/#organization"},"potentialAction":[{"@type":"SearchAction","target":{"@type":"EntryPoint","urlTemplate":"https:\/\/latraversiere.fr\/?s={search_term_string}"},"query-input":"required name=search_term_string"}],"inLanguage":"en-US"},{"@type":"ImageObject","@id":"https:\/\/latraversiere.fr\/boutique\/traversieres-magazine\/traversieres-magazine-n133\/#primaryimage","inLanguage":"en-US","url":"https:\/\/latraversiere.fr\/wp-content\/uploads\/2020\/05\/2020-TM133-cover.jpg","contentUrl":"https:\/\/latraversiere.fr\/wp-content\/uploads\/2020\/05\/2020-TM133-cover.jpg","width":595,"height":841,"caption":"Traversi\u00e8res Magazine N\u00b0133"},{"@type":"WebPage","@id":"https:\/\/latraversiere.fr\/boutique\/traversieres-magazine\/traversieres-magazine-n133\/#webpage","url":"https:\/\/latraversiere.fr\/boutique\/traversieres-magazine\/traversieres-magazine-n133\/","name":"Traversi\u00e8res Magazine N\u00b0133 - LA TRAVERSIERE The french flute association","isPartOf":{"@id":"https:\/\/latraversiere.fr\/#website"},"primaryImageOfPage":{"@id":"https:\/\/latraversiere.fr\/boutique\/traversieres-magazine\/traversieres-magazine-n133\/#primaryimage"},"datePublished":"2020-05-10T12:50:34+00:00","dateModified":"2020-12-21T11:54:07+00:00","breadcrumb":{"@id":"https:\/\/latraversiere.fr\/boutique\/traversieres-magazine\/traversieres-magazine-n133\/#breadcrumb"},"inLanguage":"en-US","potentialAction":[{"@type":"ReadAction","target":["https:\/\/latraversiere.fr\/boutique\/traversieres-magazine\/traversieres-magazine-n133\/"]}]},{"@type":"BreadcrumbList","@id":"https:\/\/latraversiere.fr\/boutique\/traversieres-magazine\/traversieres-magazine-n133\/#breadcrumb","itemListElement":[{"@type":"ListItem","position":1,"name":"Accueil","item":"https:\/\/latraversiere.fr\/"},{"@type":"ListItem","position":2,"name":"Boutique","item":"https:\/\/latraversiere.fr\/en\/boutique\/"},{"@type":"ListItem","position":3,"name":"Traversi\u00e8res Magazine N\u00b0133"}]}]}},"_links":{"self":[{"href":"https:\/\/latraversiere.fr\/en\/wp-json\/wp\/v2\/product\/9901"}],"collection":[{"href":"https:\/\/latraversiere.fr\/en\/wp-json\/wp\/v2\/product"}],"about":[{"href":"https:\/\/latraversiere.fr\/en\/wp-json\/wp\/v2\/types\/product"}],"wp:featuredmedia":[{"embeddable":true,"href":"https:\/\/latraversiere.fr\/en\/wp-json\/wp\/v2\/media\/9902"}],"wp:attachment":[{"href":"https:\/\/latraversiere.fr\/en\/wp-json\/wp\/v2\/media?parent=9901"}],"curies":[{"name":"wp","href":"https:\/\/api.w.org\/{rel}","templated":true}]}}